{"id":13,"date":"2020-09-08T16:58:12","date_gmt":"2020-09-08T16:58:12","guid":{"rendered":"https:\/\/aiotconsulting.com\/?page_id=13"},"modified":"2022-07-10T00:26:36","modified_gmt":"2022-07-10T04:26:36","slug":"about","status":"publish","type":"page","link":"https:\/\/aiotconsulting.com\/fr\/about\/","title":{"rendered":"About"},"content":{"rendered":"<div class=\"wp-block-media-text alignwide is-stacked-on-mobile is-image-fill is-style-default\" style=\"grid-template-columns:37% auto\"><figure class=\"wp-block-media-text__media\" style=\"background-image:url(https:\/\/aiotconsulting.com\/wp-content\/uploads\/2020\/09\/Richard-Computer-1024x686.jpg);background-position:100% 48%\"><img loading=\"lazy\" decoding=\"async\" width=\"1024\" height=\"686\" src=\"https:\/\/aiotconsulting.com\/wp-content\/uploads\/2020\/09\/Richard-Computer-1024x686.jpg\" alt=\"\" class=\"wp-image-284 size-full\" srcset=\"https:\/\/aiotconsulting.com\/wp-content\/uploads\/2020\/09\/Richard-Computer-1024x686.jpg 1024w, https:\/\/aiotconsulting.com\/wp-content\/uploads\/2020\/09\/Richard-Computer-600x402.jpg 600w, https:\/\/aiotconsulting.com\/wp-content\/uploads\/2020\/09\/Richard-Computer-300x201.jpg 300w, https:\/\/aiotconsulting.com\/wp-content\/uploads\/2020\/09\/Richard-Computer-768x515.jpg 768w, https:\/\/aiotconsulting.com\/wp-content\/uploads\/2020\/09\/Richard-Computer-746x500.jpg 746w, https:\/\/aiotconsulting.com\/wp-content\/uploads\/2020\/09\/Richard-Computer.jpg 1400w\" sizes=\"auto, (max-width: 1024px) 100vw, 1024px\" \/><\/figure><div class=\"wp-block-media-text__content\">\n<p class=\"has-secondary-color has-text-color\" style=\"font-size:18px\"><strong>\u00e0 propos<\/strong><\/p>\n\n\n\n<p class=\"has-secondary-color has-text-color\" style=\"font-size:18px\">AIoT Consulting est une soci\u00e9t\u00e9 de conseil et de formation sp\u00e9cialis\u00e9e dans l\u2019aide aux grandes et petites entreprises avec leurs projets de transformation num\u00e9rique. Notre expertise en mati\u00e8re de conseil et de formation en IA et IoT sous-tend tout ce que nous faisons pour aider \u00e0 am\u00e9liorer les activit\u00e9s de nos clients. <\/p>\n\n\n\n<p class=\"has-secondary-color has-text-color\" style=\"font-size:18px\"><strong>Pourquoi faire affaire avec nous?<\/strong><\/p>\n\n\n\n<p class=\"has-secondary-color has-text-color\" style=\"font-size:18px\">Au cours des 20 derni\u00e8res ann\u00e9es, nous avons aid\u00e9 \u00e0 la fois les entreprises Fortune 500 et les petites entreprises \u00e0 r\u00e9aliser certains de leurs plus grands projets de transformation num\u00e9rique. Nous avons donc travaill\u00e9 et appris des meilleurs. Nos consultants ont de l\u2019exp\u00e9rience dans la mise en \u0153uvre de transformations num\u00e9riques \u00e0 grande \u00e9chelle dans certaines des plus grandes entreprises nord-am\u00e9ricaines. Nous sommes \u00e9galement d\u00e9termin\u00e9s \u00e0 aider les petits entrepreneurs dont les projets de moindre envergure ont d\u2019importantes r\u00e9percussions positives sur leur entreprise.<\/p>\n\n\n\n<p><\/p>\n\n\n\n<p class=\"has-secondary-color has-text-color\" style=\"font-size:18px\">Avec le rythme auquel l\u2019IA et l\u2019IoT sont adopt\u00e9es par les entreprises aujourd\u2019hui, il est tr\u00e8s difficile pour les utilisateurs tardifs de rester concurrentiels. Au fil des ans, nous avons rencontr\u00e9 d\u2019innombrables cadres qui sont r\u00e9ticents \u00e0 parler de transformation num\u00e9rique, car ils ne sont tout simplement pas \u00e9quip\u00e9s pour la conversation sur l\u2019intelligence artificielle et l\u2019IoT et manquent donc la confiance pour s\u2019engager dans ce domaine. Les mentors d\u2019affaires sont donc essentiels. C\u2019est pourquoi nous avons d\u00e9cid\u00e9 de cr\u00e9er un cours intensif pour les cadres dirigeants. Ce cours est con\u00e7u pour donner un coup de pouce \u00e0 votre \u00e9quipe de direction sur les diverses technologies d\u2019intelligence artificielle et d\u2019IoT disponibles, d\u00e9mystifier certains termes et applications communs et ouvrir la voie \u00e0 un \u00e9ventuel projet. Le programme ne suppose pas de connaissances technologiques particuli\u00e8res \u2013 les participants se concentreront sur les implications organisationnelles et manag\u00e9riales de ces technologies et sur la fa\u00e7on dont elles peuvent \u00eatre appliqu\u00e9es en milieu de travail, plut\u00f4t que sur leurs dimensions techniques. <\/p>\n\n\n\n<p><\/p>\n\n\n\n<p class=\"has-secondary-color has-text-color\" style=\"font-size:18px\">Que vous cherchiez \u00e0 int\u00e9grer quelque chose d\u2019aussi simple qu\u2019un ChatBot ou un assistant virtuel utilisant le traitement du langage naturel (NLP) ou que vous souhaitiez int\u00e9grer un syst\u00e8me int\u00e9gr\u00e9 IoT dans votre processus de fabrication pour surveiller et automatiser un processus, nous pouvons vous aider \u00e0 d\u00e9marrer.<\/p>\n<\/div><\/div>\n\n\n\n<hr class=\"wp-block-separator has-alpha-channel-opacity is-style-dots\"\/>\n\n\n\n<div class=\"wp-block-columns alignwide is-layout-flex wp-container-core-columns-is-layout-9d6595d7 wp-block-columns-is-layout-flex\">\n<div class=\"wp-block-column is-layout-flow wp-block-column-is-layout-flow\">\n<h3 class=\"has-text-align-center wp-block-heading\"><mark style=\"background-color:rgba(0, 0, 0, 0)\" class=\"has-inline-color has-secondary-color\">nous joindre<\/mark><\/h3>\n\n\n\n<p class=\"has-text-align-center\">Bureau: (514) 893-4020<br><a href=\"mailto:info@aiotconsulting.com\">info@aiotconsulting.com<\/a><\/p>\n<\/div>\n\n\n\n<div class=\"wp-block-column is-layout-flow wp-block-column-is-layout-flow\">\n<h3 class=\"has-text-align-center wp-block-heading\"><mark style=\"background-color:rgba(0, 0, 0, 0)\" class=\"has-inline-color has-secondary-color\">Connectez<\/mark><\/h3>\n\n\n\n<p class=\"has-text-align-center\"><a href=\"https:\/\/twitter.com\/AIoTConsulting\" target=\"_blank\" rel=\"noreferrer noopener\">Twitter<\/a><br><a href=\"https:\/\/www.facebook.com\/AIoTConsulting\" target=\"_blank\" rel=\"noreferrer noopener\">Facebook<\/a><br><\/p>\n<\/div>\n<\/div>","protected":false},"excerpt":{"rendered":"<p>About us AIoT Consulting is a consultancy&nbsp;and&nbsp;training firm specializing in helping both large and small companies with their Digital Transformation projects. Our consulting and training expertise in AI &amp; IoT underpins everything we do to help change our clients\u2019 businesses for the better. Why us? For the last 20 years, we&#8217;ve helped both Fortune 500 [&hellip;]<\/p>\n","protected":false},"author":9,"featured_media":0,"parent":0,"menu_order":0,"comment_status":"closed","ping_status":"closed","template":"","meta":{"hide_page_title":"","footnotes":""},"class_list":["post-13","page","type-page","status-publish","hentry"],"_links":{"self":[{"href":"https:\/\/aiotconsulting.com\/fr\/wp-json\/wp\/v2\/pages\/13","targetHints":{"allow":["GET"]}}],"collection":[{"href":"https:\/\/aiotconsulting.com\/fr\/wp-json\/wp\/v2\/pages"}],"about":[{"href":"https:\/\/aiotconsulting.com\/fr\/wp-json\/wp\/v2\/types\/page"}],"author":[{"embeddable":true,"href":"https:\/\/aiotconsulting.com\/fr\/wp-json\/wp\/v2\/users\/9"}],"replies":[{"embeddable":true,"href":"https:\/\/aiotconsulting.com\/fr\/wp-json\/wp\/v2\/comments?post=13"}],"version-history":[{"count":16,"href":"https:\/\/aiotconsulting.com\/fr\/wp-json\/wp\/v2\/pages\/13\/revisions"}],"predecessor-version":[{"id":1140,"href":"https:\/\/aiotconsulting.com\/fr\/wp-json\/wp\/v2\/pages\/13\/revisions\/1140"}],"wp:attachment":[{"href":"https:\/\/aiotconsulting.com\/fr\/wp-json\/wp\/v2\/media?parent=13"}],"curies":[{"name":"wp","href":"https:\/\/api.w.org\/{rel}","templated":true}]}}